{"id":4109,"date":"2026-03-15T12:41:11","date_gmt":"2026-03-15T12:41:11","guid":{"rendered":"https:\/\/davipool.ch\/?page_id=4109"},"modified":"2026-03-16T12:12:24","modified_gmt":"2026-03-16T12:12:24","slug":"services","status":"publish","type":"page","link":"https:\/\/davipool.ch\/?page_id=4109","title":{"rendered":"Services"},"content":{"rendered":"<p><div class=\"fusion-fullwidth fullwidth-box fusion-builder-row-1 fusion-flex-container fusion-parallax-none nonhundred-percent-fullwidth non-hundred-percent-height-scrolling lazyload\" style=\"--awb-border-sizes-top:0px;--awb-border-sizes-bottom:0px;--awb-border-sizes-left:0px;--awb-border-sizes-right:0px;--awb-border-radius-top-left:0px;--awb-border-radius-top-right:0px;--awb-border-radius-bottom-right:0px;--awb-border-radius-bottom-left:0px;--awb-padding-top:130px;--awb-padding-bottom:120px;--awb-background-image:linear-gradient(180deg, rgba(0,35,96,0.63) 100%,rgba(255,255,255,0) 100%);;--awb-background-size:cover;--awb-flex-wrap:wrap;\" data-bg=\"https:\/\/davipool.ch\/wp-content\/uploads\/2015\/02\/davipool_header-scaled.jpg\" data-bg-gradient=\"linear-gradient(180deg, rgba(0,35,96,0.63) 100%,rgba(255,255,255,0) 100%)\" ><div class=\"fusion-builder-row fusion-row fusion-flex-align-items-flex-start fusion-flex-content-wrap\" style=\"max-width:1216.8px;margin-left: calc(-4% \/ 2 );margin-right: calc(-4% \/ 2 );\"><div class=\"fusion-layout-column fusion_builder_column fusion-builder-column-0 fusion_builder_column_1_2 1_2 fusion-flex-column\" style=\"--awb-bg-blend:overlay;--awb-bg-size:cover;--awb-width-large:50%;--awb-margin-top-large:0px;--awb-spacing-right-large:3.84%;--awb-margin-bottom-large:20px;--awb-spacing-left-large:3.84%;--awb-width-medium:100%;--awb-spacing-right-medium:1.92%;--awb-spacing-left-medium:1.92%;--awb-width-small:100%;--awb-spacing-right-small:1.92%;--awb-spacing-left-small:1.92%;\"><div class=\"fusion-column-wrapper fusion-flex-justify-content-flex-start fusion-content-layout-column\"><div class=\"fusion-title title fusion-title-1 fusion-sep-none fusion-title-text fusion-title-size-two\" style=\"--awb-text-color:var(--awb-color1);--awb-margin-top-small:0px;--awb-margin-right-small:0px;--awb-margin-bottom-small:20px;--awb-margin-left-small:0px;\"><h2 class=\"fusion-title-heading title-heading-left fusion-responsive-typography-calculated\" style=\"margin:0;text-transform:capitalize;--fontSize:48;line-height:var(--awb-typography1-line-height);\">Unsere Dienstleistungen<\/h2><\/div><div class=\"fusion-separator fusion-full-width-sep\" style=\"align-self: center;margin-left: auto;margin-right: auto;margin-top:20px;width:100%;\"><\/div><\/div><\/div><\/div><\/div><div class=\"fusion-fullwidth fullwidth-box fusion-builder-row-2 fusion-flex-container has-pattern-background has-mask-background nonhundred-percent-fullwidth non-hundred-percent-height-scrolling\" style=\"--awb-border-radius-top-left:0px;--awb-border-radius-top-right:0px;--awb-border-radius-bottom-right:0px;--awb-border-radius-bottom-left:0px;--awb-margin-top:50px;--awb-flex-wrap:wrap;\" ><div class=\"fusion-builder-row fusion-row fusion-flex-align-items-flex-start fusion-flex-content-wrap\" style=\"max-width:1216.8px;margin-left: calc(-4% \/ 2 );margin-right: calc(-4% \/ 2 );\"><div class=\"fusion-layout-column fusion_builder_column fusion-builder-column-1 fusion_builder_column_1_1 1_1 fusion-flex-column\" style=\"--awb-bg-size:cover;--awb-width-large:100%;--awb-margin-top-large:0px;--awb-spacing-right-large:1.92%;--awb-margin-bottom-large:20px;--awb-spacing-left-large:1.92%;--awb-width-medium:100%;--awb-order-medium:0;--awb-spacing-right-medium:1.92%;--awb-spacing-left-medium:1.92%;--awb-width-small:100%;--awb-order-small:0;--awb-spacing-right-small:1.92%;--awb-spacing-left-small:1.92%;\"><div class=\"fusion-column-wrapper fusion-column-has-shadow fusion-flex-justify-content-flex-start fusion-content-layout-column\"><div class=\"fusion-title title fusion-title-2 fusion-sep-none fusion-title-text fusion-title-size-three\" style=\"--awb-text-color:var(--awb-color8);--awb-margin-top:;--awb-margin-bottom:;--awb-margin-top-small:0px;--awb-margin-right-small:0px;--awb-margin-bottom-small:20px;--awb-margin-left-small:0px;--awb-text-stroke-size:0px;--awb-text-stroke-color:hsla(var(--awb-color5-h),var(--awb-color5-s),calc(var(--awb-color5-l) - 10%),var(--awb-color5-a));\"><h3 class=\"fusion-title-heading title-heading-left fusion-responsive-typography-calculated\" style=\"margin:0;text-transform:none;--fontSize:32;line-height:var(--awb-typography1-line-height);\"><p><strong>DAVIPOOL ist Ihr Partner.\u00a0<\/strong><\/p>\n<p>Sicher, zuverl\u00e4ssig, professionell und vertrauensw\u00fcrdig.<\/p><\/h3><\/div><\/div><\/div><\/div><\/div><div class=\"fusion-fullwidth fullwidth-box fusion-builder-row-3 fusion-flex-container has-pattern-background has-mask-background nonhundred-percent-fullwidth non-hundred-percent-height-scrolling\" style=\"--awb-border-radius-top-left:0px;--awb-border-radius-top-right:0px;--awb-border-radius-bottom-right:0px;--awb-border-radius-bottom-left:0px;--awb-padding-bottom:0px;--awb-margin-top:50px;--awb-margin-top-small:0px;--awb-flex-wrap:wrap;\" ><div class=\"fusion-builder-row fusion-row fusion-flex-align-items-flex-start fusion-flex-content-wrap\" style=\"max-width:1216.8px;margin-left: calc(-4% \/ 2 );margin-right: calc(-4% \/ 2 );\"><div class=\"fusion-layout-column fusion_builder_column fusion-builder-column-2 fusion_builder_column_1_1 1_1 fusion-flex-column fusion-no-small-visibility fusion-no-medium-visibility\" style=\"--awb-bg-size:cover;--awb-width-large:100%;--awb-margin-top-large:0px;--awb-spacing-right-large:1.92%;--awb-margin-bottom-large:20px;--awb-spacing-left-large:1.92%;--awb-width-medium:100%;--awb-order-medium:0;--awb-spacing-right-medium:1.92%;--awb-spacing-left-medium:1.92%;--awb-width-small:100%;--awb-order-small:0;--awb-spacing-right-small:1.92%;--awb-spacing-left-small:1.92%;\"><div class=\"fusion-column-wrapper fusion-column-has-shadow fusion-flex-justify-content-flex-start fusion-content-layout-column\"><div class=\"fusion-content-boxes content-boxes columns row fusion-columns-2 fusion-columns-total-2 fusion-content-boxes-1 content-boxes-icon-with-title content-left\" style=\"--awb-backgroundcolor:var(--awb-color2);--awb-body-color:var(--awb-color7);--awb-title-color:var(--awb-color8);--awb-iconcolor:var(--awb-color1);--awb-margin-bottom:-px;--awb-hover-accent-color:#193153;--awb-circle-hover-accent-color:#193153;\" data-animationOffset=\"top-into-view\"><div style=\"--awb-backgroundcolor:var(--awb-color2);--awb-iconcolor:var(--awb-color1);\" class=\"fusion-column content-box-column content-box-column content-box-column-1 col-lg-6 col-md-6 col-sm-6 fusion-content-box-hover content-box-column-first-in-row\"><div class=\"col content-box-wrapper content-wrapper-background link-area-link-icon link-type-button content-icon-wrapper-yes icon-hover-animation-fade\" data-animationOffset=\"top-into-view\"><div class=\"heading heading-with-icon icon-left\"><a class=\"heading-link\" style=\"float:left;\" href=\"#\" target=\"_self\"><div class=\"icon\"><span style=\"height:120px;width:120px;line-height:60px;border-color:var(--awb-color2);border-width:20px;border-style:solid;background-color:var(--awb-color2);box-sizing:content-box;border-radius:50%;\"><i style=\"border-color:var(--awb-color5);border-width:0px;background-color:#0089b6;box-sizing:content-box;height:120px;width:120px;line-height:120px;border-radius:50%;position:relative;top:auto;left:auto;margin:0;border-radius:50%;font-size:60px;\" aria-hidden=\"true\" class=\"fontawesome-icon fa-ruler-combined fas circle-yes\"><\/i><\/span><\/div><h2 class=\"content-box-heading fusion-responsive-typography-calculated\" style=\"--h2_typography-font-size:24px;--fontSize:24;line-height:var(--awb-typography1-line-height);\">Beratung &amp; Planung<\/h2><\/a><\/div><div class=\"fusion-clearfix\"><\/div><div class=\"content-container\">\n<p data-start=\"293\" data-end=\"512\">Wir beraten Sie bei der Auswahl der passenden Poolfolie f\u00fcr Ihr Schwimmbad.<br data-start=\"368\" data-end=\"371\" \/>Dabei ber\u00fccksichtigen wir Pooltyp, Material, Farbe und technische Anforderungen, um eine langlebige und optisch hochwertige L\u00f6sung zu finden.<\/p>\n<p data-start=\"514\" data-end=\"639\">Mit unserer Erfahrung im Bereich Poolfolierung unterst\u00fctzen wir Sie dabei, die optimale Auskleidung f\u00fcr Ihren Pool zu w\u00e4hlen.<\/p>\n<\/div><\/div><\/div><div style=\"--awb-backgroundcolor:var(--awb-color2);--awb-iconcolor:var(--awb-color1);\" class=\"fusion-column content-box-column content-box-column content-box-column-2 col-lg-6 col-md-6 col-sm-6 fusion-content-box-hover content-box-column-last content-box-column-last-in-row\"><div class=\"col content-box-wrapper content-wrapper-background link-area-link-icon link-type-button content-icon-wrapper-yes icon-hover-animation-fade\" data-animationOffset=\"top-into-view\"><div class=\"heading heading-with-icon icon-left\"><a class=\"heading-link\" style=\"float:left;\" href=\"#\" target=\"_self\"><div class=\"icon\"><span style=\"height:120px;width:120px;line-height:60px;border-color:var(--awb-color2);border-width:20px;border-style:solid;background-color:var(--awb-color2);box-sizing:content-box;border-radius:50%;\"><i style=\"border-color:var(--awb-color5);border-width:0px;background-color:#0089b6;box-sizing:content-box;height:120px;width:120px;line-height:120px;border-radius:50%;position:relative;top:auto;left:auto;margin:0;border-radius:50%;font-size:60px;\" aria-hidden=\"true\" class=\"fontawesome-icon fa-swimming-pool fas circle-yes\"><\/i><\/span><\/div><h2 class=\"content-box-heading fusion-responsive-typography-calculated\" style=\"--h2_typography-font-size:24px;--fontSize:24;line-height:var(--awb-typography1-line-height);\">Auskleidung<\/h2><\/a><\/div><div class=\"fusion-clearfix\"><\/div><div class=\"content-container\">\n<p style=\"text-align: left;\" data-start=\"777\" data-end=\"1016\">Die fachgerechte Folierung ist entscheidend f\u00fcr die Dichtigkeit und Langlebigkeit eines Pools.<br data-start=\"871\" data-end=\"874\" \/>Wir verlegen hochwertige Poolfolien pr\u00e4zise und mit sauberen Schweissn\u00e4hten, sodass eine langlebige und zuverl\u00e4ssige Poolauskleidung entsteht.<\/p>\n<p style=\"text-align: left;\" data-start=\"1018\" data-end=\"1107\">Dabei arbeiten wir mit modernen Materialien und sorgen f\u00fcr eine professionelle Umsetzung.<\/p>\n<\/div><\/div><\/div><div class=\"fusion-clearfix\"><\/div><\/div><div class=\"fusion-text fusion-text-1\"><p><em>Wir arbeiten ausschliesslich mit Fachh\u00e4ndlern und im Auftrag von Fachh\u00e4ndlern.<\/em><\/p>\n<\/div><\/div><\/div><div class=\"fusion-layout-column fusion_builder_column fusion-builder-column-3 fusion_builder_column_1_1 1_1 fusion-flex-column fusion-no-medium-visibility fusion-no-large-visibility\" style=\"--awb-bg-size:cover;--awb-width-large:100%;--awb-margin-top-large:0px;--awb-spacing-right-large:1.92%;--awb-margin-bottom-large:20px;--awb-spacing-left-large:1.92%;--awb-width-medium:100%;--awb-order-medium:0;--awb-spacing-right-medium:1.92%;--awb-spacing-left-medium:1.92%;--awb-width-small:100%;--awb-order-small:0;--awb-spacing-right-small:1.92%;--awb-spacing-left-small:1.92%;\"><div class=\"fusion-column-wrapper fusion-column-has-shadow fusion-flex-justify-content-flex-start fusion-content-layout-column\"><div class=\"fusion-content-boxes content-boxes columns row fusion-columns-2 fusion-columns-total-2 fusion-content-boxes-2 content-boxes-icon-on-top content-left\" style=\"--awb-backgroundcolor:var(--awb-color2);--awb-body-color:var(--awb-color7);--awb-title-color:var(--awb-color8);--awb-iconcolor:var(--awb-color1);--awb-margin-bottom:-px;--awb-hover-accent-color:#193153;--awb-circle-hover-accent-color:#193153;\" data-animationOffset=\"top-into-view\"><div style=\"--awb-backgroundcolor:var(--awb-color2);--awb-iconcolor:var(--awb-color1);\" class=\"fusion-column content-box-column content-box-column content-box-column-1 col-lg-6 col-md-6 col-sm-6 fusion-content-box-hover content-box-column-first-in-row\"><div class=\"col content-box-wrapper content-wrapper-background link-area-link-icon link-type-button content-icon-wrapper-yes icon-hover-animation-fade\" data-animationOffset=\"top-into-view\"><div class=\"heading heading-with-icon icon-left\"><a class=\"heading-link\" href=\"#\" target=\"_self\"><div class=\"icon\"><span style=\"height:120px;width:120px;line-height:60px;border-color:var(--awb-color2);border-width:20px;border-style:solid;background-color:var(--awb-color2);box-sizing:content-box;border-radius:50%;\"><i style=\"border-color:var(--awb-color5);border-width:0px;background-color:#0089b6;box-sizing:content-box;height:120px;width:120px;line-height:120px;border-radius:50%;position:relative;top:auto;left:auto;margin:0;border-radius:50%;font-size:60px;\" aria-hidden=\"true\" class=\"fontawesome-icon fa-ruler-combined fas circle-yes\"><\/i><\/span><\/div><h2 class=\"content-box-heading fusion-responsive-typography-calculated\" style=\"--h2_typography-font-size:24px;--fontSize:24;line-height:var(--awb-typography1-line-height);\">Beratung &amp; Planung<\/h2><\/a><\/div><div class=\"fusion-clearfix\"><\/div><div class=\"content-container\">\n<p data-start=\"293\" data-end=\"512\">Wir beraten Sie bei der Auswahl der passenden Poolfolie f\u00fcr Ihr Schwimmbad.<br data-start=\"368\" data-end=\"371\" \/>Dabei ber\u00fccksichtigen wir Pooltyp, Material, Farbe und technische Anforderungen, um eine langlebige und optisch hochwertige L\u00f6sung zu finden.<\/p>\n<p data-start=\"514\" data-end=\"639\">Mit unserer Erfahrung im Bereich Poolfolierung unterst\u00fctzen wir Sie dabei, die optimale Auskleidung f\u00fcr Ihren Pool zu w\u00e4hlen.<\/p>\n<\/div><\/div><\/div><div style=\"--awb-backgroundcolor:var(--awb-color2);--awb-iconcolor:var(--awb-color1);\" class=\"fusion-column content-box-column content-box-column content-box-column-2 col-lg-6 col-md-6 col-sm-6 fusion-content-box-hover content-box-column-last content-box-column-last-in-row\"><div class=\"col content-box-wrapper content-wrapper-background link-area-link-icon link-type-button content-icon-wrapper-yes icon-hover-animation-fade\" data-animationOffset=\"top-into-view\"><div class=\"heading heading-with-icon icon-left\"><a class=\"heading-link\" href=\"#\" target=\"_self\"><div class=\"icon\"><span style=\"height:120px;width:120px;line-height:60px;border-color:var(--awb-color2);border-width:20px;border-style:solid;background-color:var(--awb-color2);box-sizing:content-box;border-radius:50%;\"><i style=\"border-color:var(--awb-color5);border-width:0px;background-color:#0089b6;box-sizing:content-box;height:120px;width:120px;line-height:120px;border-radius:50%;position:relative;top:auto;left:auto;margin:0;border-radius:50%;font-size:60px;\" aria-hidden=\"true\" class=\"fontawesome-icon fa-swimming-pool fas circle-yes\"><\/i><\/span><\/div><h2 class=\"content-box-heading fusion-responsive-typography-calculated\" style=\"--h2_typography-font-size:24px;--fontSize:24;line-height:var(--awb-typography1-line-height);\">Auskleidung<\/h2><\/a><\/div><div class=\"fusion-clearfix\"><\/div><div class=\"content-container\">\n<p style=\"text-align: justify;\" data-start=\"777\" data-end=\"1016\">\n<div style=\"text-align: center;\"><span style=\"letter-spacing: 0.15px;\">Die fachgerechte Folierung ist entscheidend f\u00fcr die Dichtigkeit und Langlebigkeit eines Pools.<\/span><\/div>\n<p><span style=\"letter-spacing: 0.15px;\"><\/p>\n<div style=\"text-align: center;\"><span style=\"letter-spacing: 0.15px;\">Wir verlegen hochwertige Poolfolien pr\u00e4zise und mit sauberen Schweissn\u00e4hten, sodass eine langlebige und zuverl\u00e4ssige Poolauskleidung entsteht.<\/span><\/div>\n<p><\/span><\/p>\n<p style=\"text-align: center;\" data-start=\"1018\" data-end=\"1107\">Dabei arbeiten wir mit modernen Materialien und sorgen f\u00fcr eine professionelle Umsetzung.<\/p>\n<\/div><\/div><\/div><div class=\"fusion-clearfix\"><\/div><\/div><div class=\"fusion-text fusion-text-2\"><p><em>Wir arbeiten ausschliesslich mit Fachh\u00e4ndlern und im Auftrag von Fachh\u00e4ndlern.<\/em><\/p>\n<\/div><\/div><\/div><\/div><\/div><div class=\"fusion-fullwidth fullwidth-box fusion-builder-row-4 fusion-flex-container fusion-parallax-none nonhundred-percent-fullwidth non-hundred-percent-height-scrolling lazyload\" style=\"--awb-border-sizes-top:0px;--awb-border-sizes-bottom:0px;--awb-border-sizes-left:0px;--awb-border-sizes-right:0px;--awb-border-radius-top-left:0px;--awb-border-radius-top-right:0px;--awb-border-radius-bottom-right:0px;--awb-border-radius-bottom-left:0px;--awb-padding-top:110px;--awb-padding-bottom:100px;--awb-padding-bottom-medium:72px;--awb-background-color:#333333;--awb-background-image:linear-gradient(180deg, rgba(0,35,96,0.63) 37%,rgba(255,255,255,0) 100%);;--awb-background-size:cover;--awb-flex-wrap:wrap;\" data-bg=\"https:\/\/davipool.ch\/wp-content\/uploads\/2026\/03\/davipool_wasser-scaled.jpg\" data-bg-gradient=\"linear-gradient(180deg, rgba(0,35,96,0.63) 37%,rgba(255,255,255,0) 100%)\" ><div class=\"fusion-builder-row fusion-row fusion-flex-align-items-flex-start fusion-flex-content-wrap\" style=\"max-width:1216.8px;margin-left: calc(-4% \/ 2 );margin-right: calc(-4% \/ 2 );\"><div class=\"fusion-layout-column fusion_builder_column fusion-builder-column-4 fusion_builder_column_1_3 1_3 fusion-flex-column\" style=\"--awb-bg-position:right center;--awb-bg-blend:overlay;--awb-bg-size:cover;--awb-border-color:var(--awb-color4);--awb-border-right:3px;--awb-border-style:solid;--awb-width-large:33.333333333333%;--awb-margin-top-large:0px;--awb-spacing-right-large:3.84%;--awb-margin-bottom-large:0px;--awb-spacing-left-large:5.76%;--awb-width-medium:100%;--awb-spacing-right-medium:1.92%;--awb-spacing-left-medium:1.92%;--awb-width-small:100%;--awb-spacing-right-small:1.92%;--awb-spacing-left-small:1.92%;\"><div class=\"fusion-column-wrapper fusion-flex-justify-content-flex-start fusion-content-layout-column\"><div class=\"fusion-image-element \" style=\"--awb-max-width:250px;--awb-caption-title-font-family:var(--h2_typography-font-family);--awb-caption-title-font-weight:var(--h2_typography-font-weight);--awb-caption-title-font-style:var(--h2_typography-font-style);--awb-caption-title-size:var(--h2_typography-font-size);--awb-caption-title-transform:var(--h2_typography-text-transform);--awb-caption-title-line-height:var(--h2_typography-line-height);--awb-caption-title-letter-spacing:var(--h2_typography-letter-spacing);\"><span class=\" fusion-imageframe imageframe-none imageframe-1 hover-type-none\"><img decoding=\"async\" width=\"5571\" height=\"1243\" title=\"DaviPool_Black_new\" src=\"https:\/\/davipool.ch\/wp-content\/uploads\/2021\/02\/DaviPool_Black_new.png\" data-orig-src=\"https:\/\/davipool.ch\/wp-content\/uploads\/2021\/02\/DaviPool_Black_new.png\" alt class=\"lazyload img-responsive wp-image-3665\" srcset=\"data:image\/svg+xml,%3Csvg%20xmlns%3D%27http%3A%2F%2Fwww.w3.org%2F2000%2Fsvg%27%20width%3D%275571%27%20height%3D%271243%27%20viewBox%3D%270%200%205571%201243%27%3E%3Crect%20width%3D%275571%27%20height%3D%271243%27%20fill-opacity%3D%220%22%2F%3E%3C%2Fsvg%3E\" data-srcset=\"https:\/\/davipool.ch\/wp-content\/uploads\/2021\/02\/DaviPool_Black_new-600x134.png 600w, https:\/\/davipool.ch\/wp-content\/uploads\/2021\/02\/DaviPool_Black_new.png 5571w\" data-sizes=\"auto\" data-orig-sizes=\"(max-width: 800px) 100vw, (max-width: 640px) 100vw, 5571px\" \/><\/span><\/div><\/div><\/div><div class=\"fusion-layout-column fusion_builder_column fusion-builder-column-5 fusion_builder_column_2_3 2_3 fusion-flex-column\" style=\"--awb-bg-blend:overlay;--awb-bg-size:cover;--awb-width-large:66.666666666667%;--awb-margin-top-large:20px;--awb-spacing-right-large:2.88%;--awb-margin-bottom-large:20px;--awb-spacing-left-large:3.84%;--awb-width-medium:100%;--awb-spacing-right-medium:1.92%;--awb-spacing-left-medium:1.92%;--awb-width-small:100%;--awb-spacing-right-small:1.92%;--awb-spacing-left-small:1.92%;\"><div class=\"fusion-column-wrapper fusion-flex-justify-content-flex-start fusion-content-layout-column\"><div class=\"fusion-text fusion-text-3\" style=\"--awb-font-size:var(--awb-typography2-font-size);--awb-line-height:var(--awb-typography2-line-height);--awb-letter-spacing:var(--awb-typography2-letter-spacing);--awb-text-transform:var(--awb-typography2-text-transform);--awb-text-color:var(--awb-color1);--awb-text-font-family:var(--awb-typography2-font-family);--awb-text-font-weight:var(--awb-typography2-font-weight);--awb-text-font-style:var(--awb-typography2-font-style);\"><p data-start=\"392\" data-end=\"603\">DAVIPOOL steht f\u00fcr pr\u00e4zise Poolfolierungen und hochwertige Verarbeitung.<br data-start=\"464\" data-end=\"467\" \/>Mit Erfahrung, modernen Materialien und sauberen Schweissn\u00e4hten sorgen wir daf\u00fcr, dass Ihr Pool dauerhaft dicht und optisch perfekt ist.<\/p>\n<p data-start=\"605\" data-end=\"712\">Wir arbeiten ausschliesslich mit hochwertigen Poolfolien und setzen jedes Projekt mit gr\u00f6sster Sorgfalt um.<\/p>\n<\/div><\/div><\/div><\/div><\/div><\/p>\n","protected":false},"excerpt":{"rendered":"","protected":false},"author":1,"featured_media":0,"parent":0,"menu_order":0,"comment_status":"closed","ping_status":"closed","template":"100-width.php","meta":{"footnotes":""},"class_list":["post-4109","page","type-page","status-publish","hentry"],"yoast_head":"<!-- This site is optimized with the Yoast SEO plugin v27.2 - https:\/\/yoast.com\/product\/yoast-seo-wordpress\/ -->\n<title>Services - Davipool<\/title>\n<meta name=\"robots\" content=\"index, follow, max-snippet:-1, max-image-preview:large, max-video-preview:-1\" \/>\n<link rel=\"canonical\" href=\"https:\/\/davipool.ch\/?page_id=4109\" \/>\n<meta property=\"og:locale\" content=\"de_DE\" \/>\n<meta property=\"og:type\" content=\"article\" \/>\n<meta property=\"og:title\" content=\"Services - Davipool\" \/>\n<meta property=\"og:url\" content=\"https:\/\/davipool.ch\/?page_id=4109\" \/>\n<meta property=\"og:site_name\" content=\"Davipool\" \/>\n<meta property=\"article:modified_time\" content=\"2026-03-16T12:12:24+00:00\" \/>\n<meta name=\"twitter:card\" content=\"summary_large_image\" \/>\n<meta name=\"twitter:label1\" content=\"Est. reading time\" \/>\n\t<meta name=\"twitter:data1\" content=\"13\u00a0Minuten\" \/>\n<script type=\"application\/ld+json\" class=\"yoast-schema-graph\">{\"@context\":\"https:\/\/schema.org\",\"@graph\":[{\"@type\":\"WebPage\",\"@id\":\"https:\/\/davipool.ch\/?page_id=4109\",\"url\":\"https:\/\/davipool.ch\/?page_id=4109\",\"name\":\"Services - Davipool\",\"isPartOf\":{\"@id\":\"https:\/\/davipool.ch\/#website\"},\"datePublished\":\"2026-03-15T12:41:11+00:00\",\"dateModified\":\"2026-03-16T12:12:24+00:00\",\"breadcrumb\":{\"@id\":\"https:\/\/davipool.ch\/?page_id=4109#breadcrumb\"},\"inLanguage\":\"de-CH\",\"potentialAction\":[{\"@type\":\"ReadAction\",\"target\":[\"https:\/\/davipool.ch\/?page_id=4109\"]}]},{\"@type\":\"BreadcrumbList\",\"@id\":\"https:\/\/davipool.ch\/?page_id=4109#breadcrumb\",\"itemListElement\":[{\"@type\":\"ListItem\",\"position\":1,\"name\":\"Home\",\"item\":\"https:\/\/davipool.ch\/\"},{\"@type\":\"ListItem\",\"position\":2,\"name\":\"Services\"}]},{\"@type\":\"WebSite\",\"@id\":\"https:\/\/davipool.ch\/#website\",\"url\":\"https:\/\/davipool.ch\/\",\"name\":\"Davipool\",\"description\":\"\",\"potentialAction\":[{\"@type\":\"SearchAction\",\"target\":{\"@type\":\"EntryPoint\",\"urlTemplate\":\"https:\/\/davipool.ch\/?s={search_term_string}\"},\"query-input\":{\"@type\":\"PropertyValueSpecification\",\"valueRequired\":true,\"valueName\":\"search_term_string\"}}],\"inLanguage\":\"de-CH\"}]}<\/script>\n<!-- \/ Yoast SEO plugin. -->","yoast_head_json":{"title":"Services - Davipool","robots":{"index":"index","follow":"follow","max-snippet":"max-snippet:-1","max-image-preview":"max-image-preview:large","max-video-preview":"max-video-preview:-1"},"canonical":"https:\/\/davipool.ch\/?page_id=4109","og_locale":"de_DE","og_type":"article","og_title":"Services - Davipool","og_url":"https:\/\/davipool.ch\/?page_id=4109","og_site_name":"Davipool","article_modified_time":"2026-03-16T12:12:24+00:00","twitter_card":"summary_large_image","twitter_misc":{"Est. reading time":"13\u00a0Minuten"},"schema":{"@context":"https:\/\/schema.org","@graph":[{"@type":"WebPage","@id":"https:\/\/davipool.ch\/?page_id=4109","url":"https:\/\/davipool.ch\/?page_id=4109","name":"Services - Davipool","isPartOf":{"@id":"https:\/\/davipool.ch\/#website"},"datePublished":"2026-03-15T12:41:11+00:00","dateModified":"2026-03-16T12:12:24+00:00","breadcrumb":{"@id":"https:\/\/davipool.ch\/?page_id=4109#breadcrumb"},"inLanguage":"de-CH","potentialAction":[{"@type":"ReadAction","target":["https:\/\/davipool.ch\/?page_id=4109"]}]},{"@type":"BreadcrumbList","@id":"https:\/\/davipool.ch\/?page_id=4109#breadcrumb","itemListElement":[{"@type":"ListItem","position":1,"name":"Home","item":"https:\/\/davipool.ch\/"},{"@type":"ListItem","position":2,"name":"Services"}]},{"@type":"WebSite","@id":"https:\/\/davipool.ch\/#website","url":"https:\/\/davipool.ch\/","name":"Davipool","description":"","potentialAction":[{"@type":"SearchAction","target":{"@type":"EntryPoint","urlTemplate":"https:\/\/davipool.ch\/?s={search_term_string}"},"query-input":{"@type":"PropertyValueSpecification","valueRequired":true,"valueName":"search_term_string"}}],"inLanguage":"de-CH"}]}},"_links":{"self":[{"href":"https:\/\/davipool.ch\/index.php?rest_route=\/wp\/v2\/pages\/4109","targetHints":{"allow":["GET"]}}],"collection":[{"href":"https:\/\/davipool.ch\/index.php?rest_route=\/wp\/v2\/pages"}],"about":[{"href":"https:\/\/davipool.ch\/index.php?rest_route=\/wp\/v2\/types\/page"}],"author":[{"embeddable":true,"href":"https:\/\/davipool.ch\/index.php?rest_route=\/wp\/v2\/users\/1"}],"replies":[{"embeddable":true,"href":"https:\/\/davipool.ch\/index.php?rest_route=%2Fwp%2Fv2%2Fcomments&post=4109"}],"version-history":[{"count":18,"href":"https:\/\/davipool.ch\/index.php?rest_route=\/wp\/v2\/pages\/4109\/revisions"}],"predecessor-version":[{"id":4308,"href":"https:\/\/davipool.ch\/index.php?rest_route=\/wp\/v2\/pages\/4109\/revisions\/4308"}],"wp:attachment":[{"href":"https:\/\/davipool.ch\/index.php?rest_route=%2Fwp%2Fv2%2Fmedia&parent=4109"}],"curies":[{"name":"wp","href":"https:\/\/api.w.org\/{rel}","templated":true}]}}