{"id":4144,"date":"2026-03-15T13:01:21","date_gmt":"2026-03-15T13:01:21","guid":{"rendered":"https:\/\/davipool.ch\/?page_id=4144"},"modified":"2026-03-29T11:56:37","modified_gmt":"2026-03-29T11:56:37","slug":"ueber-uns","status":"publish","type":"page","link":"https:\/\/davipool.ch\/?page_id=4144","title":{"rendered":"\u00dcber uns"},"content":{"rendered":"<p><div class=\"fusion-fullwidth fullwidth-box fusion-builder-row-1 fusion-flex-container fusion-parallax-none nonhundred-percent-fullwidth non-hundred-percent-height-scrolling lazyload\" style=\"--awb-border-sizes-top:0px;--awb-border-sizes-bottom:0px;--awb-border-sizes-left:0px;--awb-border-sizes-right:0px;--awb-border-radius-top-left:0px;--awb-border-radius-top-right:0px;--awb-border-radius-bottom-right:0px;--awb-border-radius-bottom-left:0px;--awb-padding-top:130px;--awb-padding-bottom:120px;--awb-background-image:linear-gradient(180deg, rgba(0,35,96,0.63) 100%,rgba(255,255,255,0) 100%);;--awb-background-size:cover;--awb-flex-wrap:wrap;\" data-bg=\"https:\/\/davipool.ch\/wp-content\/uploads\/2015\/02\/davipool_header-scaled.jpg\" data-bg-gradient=\"linear-gradient(180deg, rgba(0,35,96,0.63) 100%,rgba(255,255,255,0) 100%)\" ><div class=\"fusion-builder-row fusion-row fusion-flex-align-items-flex-start fusion-flex-content-wrap\" style=\"max-width:1216.8px;margin-left: calc(-4% \/ 2 );margin-right: calc(-4% \/ 2 );\"><div class=\"fusion-layout-column fusion_builder_column fusion-builder-column-0 fusion_builder_column_1_2 1_2 fusion-flex-column\" style=\"--awb-bg-blend:overlay;--awb-bg-size:cover;--awb-width-large:50%;--awb-margin-top-large:0px;--awb-spacing-right-large:3.84%;--awb-margin-bottom-large:20px;--awb-spacing-left-large:3.84%;--awb-width-medium:100%;--awb-spacing-right-medium:1.92%;--awb-spacing-left-medium:1.92%;--awb-width-small:100%;--awb-spacing-right-small:1.92%;--awb-spacing-left-small:1.92%;\"><div class=\"fusion-column-wrapper fusion-flex-justify-content-flex-start fusion-content-layout-column\"><div class=\"fusion-title title fusion-title-1 fusion-sep-none fusion-title-text fusion-title-size-two\" style=\"--awb-text-color:var(--awb-color1);--awb-margin-top-small:0px;--awb-margin-right-small:0px;--awb-margin-bottom-small:20px;--awb-margin-left-small:0px;\"><h2 class=\"fusion-title-heading title-heading-left fusion-responsive-typography-calculated\" style=\"margin:0;text-transform:capitalize;--fontSize:48;line-height:var(--awb-typography1-line-height);\">\u00dcber uns<\/h2><\/div><div class=\"fusion-separator fusion-full-width-sep\" style=\"align-self: center;margin-left: auto;margin-right: auto;margin-top:20px;width:100%;\"><\/div><\/div><\/div><\/div><\/div><div class=\"fusion-fullwidth fullwidth-box fusion-builder-row-2 fusion-flex-container has-pattern-background has-mask-background nonhundred-percent-fullwidth non-hundred-percent-height-scrolling\" style=\"--awb-border-radius-top-left:0px;--awb-border-radius-top-right:0px;--awb-border-radius-bottom-right:0px;--awb-border-radius-bottom-left:0px;--awb-margin-top:50px;--awb-flex-wrap:wrap;\" ><div class=\"fusion-builder-row fusion-row fusion-flex-align-items-flex-start fusion-flex-content-wrap\" style=\"max-width:1216.8px;margin-left: calc(-4% \/ 2 );margin-right: calc(-4% \/ 2 );\"><div class=\"fusion-layout-column fusion_builder_column fusion-builder-column-1 fusion_builder_column_1_1 1_1 fusion-flex-column\" style=\"--awb-bg-size:cover;--awb-width-large:100%;--awb-margin-top-large:0px;--awb-spacing-right-large:1.92%;--awb-margin-bottom-large:20px;--awb-spacing-left-large:1.92%;--awb-width-medium:100%;--awb-order-medium:0;--awb-spacing-right-medium:1.92%;--awb-spacing-left-medium:1.92%;--awb-width-small:100%;--awb-order-small:0;--awb-spacing-right-small:1.92%;--awb-spacing-left-small:1.92%;\"><div class=\"fusion-column-wrapper fusion-column-has-shadow fusion-flex-justify-content-flex-start fusion-content-layout-column\"><div class=\"fusion-title title fusion-title-2 fusion-sep-none fusion-title-text fusion-title-size-two\" style=\"--awb-text-color:var(--awb-color8);--awb-margin-top:;--awb-margin-bottom:;--awb-margin-top-small:0px;--awb-margin-right-small:0px;--awb-margin-bottom-small:20px;--awb-margin-left-small:0px;--awb-text-stroke-size:0px;--awb-text-stroke-color:hsla(var(--awb-color5-h),var(--awb-color5-s),calc(var(--awb-color5-l) - 10%),var(--awb-color5-a));\"><h2 class=\"fusion-title-heading title-heading-left fusion-responsive-typography-calculated\" style=\"margin:0;text-transform:none;--fontSize:48;line-height:var(--awb-typography1-line-height);\"><strong>DAVIPOOL \u2013 Ihr Spezialist f\u00fcr Poolfolierungen<\/strong><\/h2><\/div><div class=\"fusion-title title fusion-title-3 fusion-sep-none fusion-title-text fusion-title-size-div\" style=\"--awb-text-color:var(--awb-color8);--awb-margin-top:;--awb-margin-bottom:;--awb-margin-top-small:0px;--awb-margin-right-small:0px;--awb-margin-bottom-small:20px;--awb-margin-left-small:0px;--awb-text-stroke-size:0px;--awb-text-stroke-color:hsla(var(--awb-color5-h),var(--awb-color5-s),calc(var(--awb-color5-l) - 10%),var(--awb-color5-a));\"><div class=\"fusion-title-heading title-heading-left title-heading-tag fusion-responsive-typography-calculated\" style=\"margin:0;text-transform:none;--fontSize:15;--minFontSize:15;line-height:var(--awb-typography4-line-height);\"><p><span style=\"background-color: rgba(0, 0, 0, 0); font-size: 1em; letter-spacing: 0.15px;\"><br \/>\nDAVIPOOL ist ein spezialisiertes Unternehmen f\u00fcr die professionelle Folierung von Schwimmb\u00e4dern. Unser Fokus liegt auf der fachgerechten Verlegung hochwertiger Poolfolien, die f\u00fcr eine langlebige, dichte und optisch ansprechende Poolauskleidung sorgen.<\/span><\/p>\n<p>Mit pr\u00e4ziser Handwerksarbeit und modernen Materialien stellen wir sicher, dass jedes Projekt h\u00f6chsten Qualit\u00e4tsanspr\u00fcchen entspricht.<\/p>\n<p>Mit pr\u00e4ziser Handwerksarbeit und modernen Materialien stellen wir sicher, dass jedes Projekt h\u00f6chsten Qualit\u00e4tsanspr\u00fcchen entspricht.<\/p><\/div><\/div><\/div><\/div><\/div><\/div><div class=\"fusion-fullwidth fullwidth-box fusion-builder-row-3 fusion-flex-container has-pattern-background has-mask-background nonhundred-percent-fullwidth non-hundred-percent-height-scrolling\" style=\"--awb-border-radius-top-left:0px;--awb-border-radius-top-right:0px;--awb-border-radius-bottom-right:0px;--awb-border-radius-bottom-left:0px;--awb-flex-wrap:wrap;\" ><div class=\"fusion-builder-row fusion-row fusion-flex-align-items-flex-start fusion-flex-content-wrap\" style=\"max-width:1216.8px;margin-left: calc(-4% \/ 2 );margin-right: calc(-4% \/ 2 );\"><div class=\"fusion-layout-column fusion_builder_column fusion-builder-column-2 fusion_builder_column_1_1 1_1 fusion-flex-column\" style=\"--awb-bg-size:cover;--awb-width-large:100%;--awb-margin-top-large:0px;--awb-spacing-right-large:1.92%;--awb-margin-bottom-large:20px;--awb-spacing-left-large:1.92%;--awb-width-medium:100%;--awb-order-medium:0;--awb-spacing-right-medium:1.92%;--awb-spacing-left-medium:1.92%;--awb-width-small:100%;--awb-order-small:0;--awb-spacing-right-small:1.92%;--awb-spacing-left-small:1.92%;\"><div class=\"fusion-column-wrapper fusion-column-has-shadow fusion-flex-justify-content-flex-start fusion-content-layout-column\"><div class=\"fusion-title title fusion-title-4 fusion-sep-none fusion-title-text fusion-title-size-two\" style=\"--awb-text-color:var(--awb-color8);--awb-margin-top:;--awb-margin-bottom:;--awb-margin-top-small:0px;--awb-margin-right-small:0px;--awb-margin-bottom-small:20px;--awb-margin-left-small:0px;--awb-text-stroke-size:0px;--awb-text-stroke-color:hsla(var(--awb-color5-h),var(--awb-color5-s),calc(var(--awb-color5-l) - 10%),var(--awb-color5-a));\"><h2 class=\"fusion-title-heading title-heading-left fusion-responsive-typography-calculated\" style=\"margin:0;text-transform:none;--fontSize:48;line-height:var(--awb-typography1-line-height);\"><b>Unser Team<\/b><\/h2><\/div><style>\n  \/* --- Raster-Layout (passt sich exakt an Avada an) --- *\/\n  .avada-team-container {\n    display: grid;\n    grid-template-columns: repeat(2, 1fr); \/* 2 Spalten, gleich gro\u00df *\/\n    gap: 30px; \/* Abstand zwischen den Spalten *\/\n    width: 100%;\n  }\n\n  \/* --- Mobile Anpassung --- *\/\n  @media (max-width: 768px) {\n    .avada-team-container {\n      grid-template-columns: 1fr; \/* Auf Handys untereinander *\/\n      gap: 30px; \/* Etwas Abstand nach unten zwischen den Personen *\/\n    }\n  }\n\n  \/* --- Die gesamte Karte (Bild + Text) --- *\/\n  .avada-team-member-card {\n    width: 100%; \n    cursor: pointer;\n  }\n\n  \/* --- Der Bild-Container (Quadratisch) --- *\/\n  .avada-team-member-card .image-wrap {\n    position: relative;\n    width: 100%;\n    aspect-ratio: 1 \/ 1; \/* Zwingt NUR das Bild in ein perfektes Quadrat *\/\n    overflow: hidden;\n    background: #f0f0f0; \/* Leichtes Grau als Ladehintergrund *\/\n  }\n\n  .avada-team-member-card .image-wrap img {\n    width: 100%;\n    height: 100%;\n    object-fit: cover; \/* Schneidet das Bild perfekt quadratisch zu *\/\n    display: block;\n  }\n\n  \/* --- Der feine blaue Overlay (wird beim Hovern sichtbar) --- *\/\n  .avada-team-member-card .image-overlay {\n    position: absolute;\n    top: 0;\n    left: 0;\n    width: 100%;\n    height: 100%;\n    background: rgba(4, 30, 66, 0); \/* Unsichtbar am Anfang *\/\n    pointer-events: none;\n    transition: background 0.4s ease;\n  }\n\n  \/* --- Hover-Effekt (nur Bild-Overlay) --- *\/\n  .avada-team-member-card:hover .image-overlay {\n    background: rgba(4, 30, 66, 0.15); \/* Zarter blauer Filter erscheint *\/\n  }\n\n  \/* --- Der Text-Bereich (statisch unten, keine Hintergrundfarbe) --- *\/\n  .avada-team-member-card .info-bar {\n    padding-top: 15px; \/* Etwas Abstand zum Bild dar\u00fcber *\/\n    text-align: left;\n    background: transparent; \/* Keine Hintergrundfarbe *\/\n  }\n\n  .avada-team-member-card .name-title {\n    font-weight: bold;\n    font-size: 1.4rem;\n    margin: 0; \/* Keinerlei Au\u00dfenabstand mehr *\/\n    line-height: 1.2; \/* Kompakte Zeilenh\u00f6he *\/\n    color: #1d3d6e; \/* Ihr Dunkelblau *\/\n    font-family: inherit;\n  }\n\n  .avada-team-member-card .job-title {\n    font-weight: normal;\n    font-size: 1rem;\n    margin: 0; \/* Verhindert, dass Avada hier ungewollt Abstand hinzuf\u00fcgt *\/\n    line-height: 1.2; \/* Kompakte Zeilenh\u00f6he *\/\n    color: #666666; \/* Dezentes Grau f\u00fcr die Jobbezeichnung *\/\n    font-family: inherit;\n  }\n<\/style>\n\n<div class=\"avada-team-container\">\n\n  <div class=\"avada-team-member-card\">\n    <div class=\"image-wrap\">\n      <img class=\"lazyload\" decoding=\"async\" src=\"data:image\/svg+xml,%3Csvg%20xmlns%3D%27http%3A%2F%2Fwww.w3.org%2F2000%2Fsvg%27%20width%3D%271024%27%20height%3D%271024%27%20viewBox%3D%270%200%201024%201024%27%3E%3Crect%20width%3D%271024%27%20height%3D%271024%27%20fill-opacity%3D%220%22%2F%3E%3C%2Fsvg%3E\" data-orig-src=\"https:\/\/davipool.ch\/wp-content\/uploads\/2026\/03\/david-foto-1.jpeg\" alt=\"David Veseli\">\n      <div class=\"image-overlay\"><\/div>\n    <\/div>\n    <div class=\"info-bar\">\n      <div class=\"name-title\">David Veseli<\/div>\n      <div class=\"job-title\">Gesch\u00e4ftsf\u00fchrer & Inhaber<\/div>\n    <\/div>\n  <\/div>\n\n  <div class=\"avada-team-member-card\">\n    <div class=\"image-wrap\">\n      <img class=\"lazyload\" decoding=\"async\" src=\"data:image\/svg+xml,%3Csvg%20xmlns%3D%27http%3A%2F%2Fwww.w3.org%2F2000%2Fsvg%27%20width%3D%271024%27%20height%3D%271024%27%20viewBox%3D%270%200%201024%201024%27%3E%3Crect%20width%3D%271024%27%20height%3D%271024%27%20fill-opacity%3D%220%22%2F%3E%3C%2Fsvg%3E\" data-orig-src=\"https:\/\/davipool.ch\/wp-content\/uploads\/2026\/03\/albina-foto.jpeg\" alt=\"Albina Veseli\">\n      <div class=\"image-overlay\"><\/div>\n    <\/div>\n    <div class=\"info-bar\">\n      <div class=\"name-title\">Albina Veseli<\/div>\n      <div class=\"job-title\">Backoffice<\/div>\n    <\/div>\n  <\/div>\n\n<\/div><\/div><\/div><\/div><\/div><div class=\"fusion-fullwidth fullwidth-box fusion-builder-row-4 fusion-flex-container has-pattern-background has-mask-background nonhundred-percent-fullwidth non-hundred-percent-height-scrolling\" style=\"--awb-border-radius-top-left:0px;--awb-border-radius-top-right:0px;--awb-border-radius-bottom-right:0px;--awb-border-radius-bottom-left:0px;--awb-padding-top-small:0px;--awb-margin-top:0px;--awb-margin-bottom:50px;--awb-margin-top-small:0px;--awb-margin-bottom-small:0px;--awb-flex-wrap:wrap;\" ><div class=\"fusion-builder-row fusion-row fusion-flex-align-items-flex-start fusion-flex-content-wrap\" style=\"max-width:1216.8px;margin-left: calc(-4% \/ 2 );margin-right: calc(-4% \/ 2 );\"><div class=\"fusion-layout-column fusion_builder_column fusion-builder-column-3 fusion_builder_column_1_1 1_1 fusion-flex-column\" style=\"--awb-bg-size:cover;--awb-width-large:100%;--awb-margin-top-large:0px;--awb-spacing-right-large:1.92%;--awb-margin-bottom-large:20px;--awb-spacing-left-large:1.92%;--awb-width-medium:100%;--awb-order-medium:0;--awb-spacing-right-medium:1.92%;--awb-spacing-left-medium:1.92%;--awb-width-small:100%;--awb-order-small:0;--awb-spacing-right-small:1.92%;--awb-spacing-left-small:1.92%;\"><div class=\"fusion-column-wrapper fusion-column-has-shadow fusion-flex-justify-content-flex-start fusion-content-layout-column\"><div class=\"fusion-title title fusion-title-5 fusion-sep-none fusion-title-text fusion-title-size-div\" style=\"--awb-text-color:var(--awb-color8);--awb-margin-top:;--awb-margin-bottom:;--awb-margin-top-small:0px;--awb-margin-right-small:0px;--awb-margin-bottom-small:20px;--awb-margin-left-small:0px;--awb-text-stroke-size:0px;--awb-text-stroke-color:hsla(var(--awb-color5-h),var(--awb-color5-s),calc(var(--awb-color5-l) - 10%),var(--awb-color5-a));\"><div class=\"fusion-title-heading title-heading-left title-heading-tag fusion-responsive-typography-calculated\" style=\"margin:0;text-transform:none;--fontSize:15;--minFontSize:15;line-height:var(--awb-typography4-line-height);\"><strong>Qualit\u00e4t und Pr\u00e4zision<\/strong><br \/>\nDie fachgerechte Folierung eines Pools ist entscheidend f\u00fcr dessen Langlebigkeit und Funktion. Deshalb legen wir grossen Wert auf saubere Verarbeitung, pr\u00e4zise Schweissn\u00e4hte und hochwertige Materialien.<\/p>\n<p>Jede Poolfolie wird sorgf\u00e4ltig verlegt, damit Ihr Schwimmbad dauerhaft dicht bleibt und gleichzeitig eine moderne und hochwertige Optik erh\u00e4lt.<\/p>\n<p><strong>Spezialisierung auf Poolfolien<\/strong><br \/>\nUnsere Spezialisierung auf Poolfolierungen erm\u00f6glicht es uns, uns vollst\u00e4ndig auf diesen wichtigen Bereich des Poolbaus zu konzentrieren. Dadurch k\u00f6nnen wir eine besonders pr\u00e4zise und zuverl\u00e4ssige Umsetzung gew\u00e4hrleisten.<\/p>\n<p>Wir arbeiten ausschliesslich mit hochwertigen Poolfolien und sorgen daf\u00fcr, dass Ihr Pool langfristig gesch\u00fctzt ist.<\/p>\n<p><strong>Zusammenarbeit mit Fachh\u00e4ndlern<\/strong><br \/>\nDAVIPOOL arbeitet ausschliesslich mit Fachh\u00e4ndlern und im Auftrag von Fachh\u00e4ndlern. Durch diese Zusammenarbeit stellen wir sicher, dass jedes Projekt professionell geplant und fachgerecht umgesetzt wird.<\/div><\/div><\/div><\/div><\/div><\/div><div class=\"fusion-fullwidth fullwidth-box fusion-builder-row-5 fusion-flex-container fusion-parallax-none nonhundred-percent-fullwidth non-hundred-percent-height-scrolling lazyload\" style=\"--awb-border-sizes-top:0px;--awb-border-sizes-bottom:0px;--awb-border-sizes-left:0px;--awb-border-sizes-right:0px;--awb-border-radius-top-left:0px;--awb-border-radius-top-right:0px;--awb-border-radius-bottom-right:0px;--awb-border-radius-bottom-left:0px;--awb-padding-top:110px;--awb-padding-bottom:100px;--awb-padding-bottom-medium:72px;--awb-background-color:#333333;--awb-background-image:linear-gradient(180deg, rgba(0,35,96,0.63) 37%,rgba(255,255,255,0) 100%);;--awb-background-size:cover;--awb-flex-wrap:wrap;\" data-bg=\"https:\/\/davipool.ch\/wp-content\/uploads\/2026\/03\/davipool_wasser-scaled.jpg\" data-bg-gradient=\"linear-gradient(180deg, rgba(0,35,96,0.63) 37%,rgba(255,255,255,0) 100%)\" ><div class=\"fusion-builder-row fusion-row fusion-flex-align-items-flex-start fusion-flex-content-wrap\" style=\"max-width:1216.8px;margin-left: calc(-4% \/ 2 );margin-right: calc(-4% \/ 2 );\"><div class=\"fusion-layout-column fusion_builder_column fusion-builder-column-4 fusion_builder_column_1_3 1_3 fusion-flex-column\" style=\"--awb-bg-position:right center;--awb-bg-blend:overlay;--awb-bg-size:cover;--awb-border-color:var(--awb-color4);--awb-border-right:3px;--awb-border-style:solid;--awb-width-large:33.333333333333%;--awb-margin-top-large:0px;--awb-spacing-right-large:3.84%;--awb-margin-bottom-large:0px;--awb-spacing-left-large:5.76%;--awb-width-medium:100%;--awb-spacing-right-medium:1.92%;--awb-spacing-left-medium:1.92%;--awb-width-small:100%;--awb-spacing-right-small:1.92%;--awb-spacing-left-small:1.92%;\"><div class=\"fusion-column-wrapper fusion-flex-justify-content-flex-start fusion-content-layout-column\"><div class=\"fusion-image-element \" style=\"--awb-max-width:250px;--awb-caption-title-font-family:var(--h2_typography-font-family);--awb-caption-title-font-weight:var(--h2_typography-font-weight);--awb-caption-title-font-style:var(--h2_typography-font-style);--awb-caption-title-size:var(--h2_typography-font-size);--awb-caption-title-transform:var(--h2_typography-text-transform);--awb-caption-title-line-height:var(--h2_typography-line-height);--awb-caption-title-letter-spacing:var(--h2_typography-letter-spacing);\"><span class=\" fusion-imageframe imageframe-none imageframe-1 hover-type-none\"><img decoding=\"async\" width=\"5571\" height=\"1243\" title=\"DaviPool_Black_new\" src=\"https:\/\/davipool.ch\/wp-content\/uploads\/2021\/02\/DaviPool_Black_new.png\" data-orig-src=\"https:\/\/davipool.ch\/wp-content\/uploads\/2021\/02\/DaviPool_Black_new.png\" alt class=\"lazyload img-responsive wp-image-3665\" srcset=\"data:image\/svg+xml,%3Csvg%20xmlns%3D%27http%3A%2F%2Fwww.w3.org%2F2000%2Fsvg%27%20width%3D%275571%27%20height%3D%271243%27%20viewBox%3D%270%200%205571%201243%27%3E%3Crect%20width%3D%275571%27%20height%3D%271243%27%20fill-opacity%3D%220%22%2F%3E%3C%2Fsvg%3E\" data-srcset=\"https:\/\/davipool.ch\/wp-content\/uploads\/2021\/02\/DaviPool_Black_new-600x134.png 600w, https:\/\/davipool.ch\/wp-content\/uploads\/2021\/02\/DaviPool_Black_new.png 5571w\" data-sizes=\"auto\" data-orig-sizes=\"(max-width: 800px) 100vw, (max-width: 640px) 100vw, 5571px\" \/><\/span><\/div><\/div><\/div><div class=\"fusion-layout-column fusion_builder_column fusion-builder-column-5 fusion_builder_column_2_3 2_3 fusion-flex-column\" style=\"--awb-bg-blend:overlay;--awb-bg-size:cover;--awb-width-large:66.666666666667%;--awb-margin-top-large:20px;--awb-spacing-right-large:2.88%;--awb-margin-bottom-large:20px;--awb-spacing-left-large:3.84%;--awb-width-medium:100%;--awb-spacing-right-medium:1.92%;--awb-spacing-left-medium:1.92%;--awb-width-small:100%;--awb-spacing-right-small:1.92%;--awb-spacing-left-small:1.92%;\"><div class=\"fusion-column-wrapper fusion-flex-justify-content-flex-start fusion-content-layout-column\"><div class=\"fusion-text fusion-text-1\" style=\"--awb-font-size:var(--awb-typography2-font-size);--awb-line-height:var(--awb-typography2-line-height);--awb-letter-spacing:var(--awb-typography2-letter-spacing);--awb-text-transform:var(--awb-typography2-text-transform);--awb-text-color:var(--awb-color1);--awb-text-font-family:var(--awb-typography2-font-family);--awb-text-font-weight:var(--awb-typography2-font-weight);--awb-text-font-style:var(--awb-typography2-font-style);\"><p data-start=\"392\" data-end=\"603\">DAVIPOOL steht f\u00fcr pr\u00e4zise Poolfolierungen und hochwertige Verarbeitung.<br data-start=\"464\" data-end=\"467\" \/>Mit Erfahrung, modernen Materialien und sauberen Schweissn\u00e4hten sorgen wir daf\u00fcr, dass Ihr Pool dauerhaft dicht und optisch perfekt ist.<\/p>\n<p data-start=\"605\" data-end=\"712\">Wir arbeiten ausschliesslich mit hochwertigen Poolfolien und setzen jedes Projekt mit gr\u00f6sster Sorgfalt um.<\/p>\n<\/div><\/div><\/div><\/div><\/div><\/p>\n","protected":false},"excerpt":{"rendered":"","protected":false},"author":1,"featured_media":0,"parent":0,"menu_order":0,"comment_status":"closed","ping_status":"closed","template":"100-width.php","meta":{"footnotes":""},"class_list":["post-4144","page","type-page","status-publish","hentry"],"yoast_head":"<!-- This site is optimized with the Yoast SEO plugin v27.2 - https:\/\/yoast.com\/product\/yoast-seo-wordpress\/ -->\n<title>\u00dcber uns - Davipool<\/title>\n<meta name=\"robots\" content=\"index, follow, max-snippet:-1, max-image-preview:large, max-video-preview:-1\" \/>\n<link rel=\"canonical\" href=\"https:\/\/davipool.ch\/?page_id=4144\" \/>\n<meta property=\"og:locale\" content=\"de_DE\" \/>\n<meta property=\"og:type\" content=\"article\" \/>\n<meta property=\"og:title\" content=\"\u00dcber uns - Davipool\" \/>\n<meta property=\"og:url\" content=\"https:\/\/davipool.ch\/?page_id=4144\" \/>\n<meta property=\"og:site_name\" content=\"Davipool\" \/>\n<meta property=\"article:modified_time\" content=\"2026-03-29T11:56:37+00:00\" \/>\n<meta name=\"twitter:card\" content=\"summary_large_image\" \/>\n<meta name=\"twitter:label1\" content=\"Est. reading time\" \/>\n\t<meta name=\"twitter:data1\" content=\"18\u00a0Minuten\" \/>\n<script type=\"application\/ld+json\" class=\"yoast-schema-graph\">{\"@context\":\"https:\/\/schema.org\",\"@graph\":[{\"@type\":\"WebPage\",\"@id\":\"https:\/\/davipool.ch\/?page_id=4144\",\"url\":\"https:\/\/davipool.ch\/?page_id=4144\",\"name\":\"\u00dcber uns - Davipool\",\"isPartOf\":{\"@id\":\"https:\/\/davipool.ch\/#website\"},\"datePublished\":\"2026-03-15T13:01:21+00:00\",\"dateModified\":\"2026-03-29T11:56:37+00:00\",\"breadcrumb\":{\"@id\":\"https:\/\/davipool.ch\/?page_id=4144#breadcrumb\"},\"inLanguage\":\"de-CH\",\"potentialAction\":[{\"@type\":\"ReadAction\",\"target\":[\"https:\/\/davipool.ch\/?page_id=4144\"]}]},{\"@type\":\"BreadcrumbList\",\"@id\":\"https:\/\/davipool.ch\/?page_id=4144#breadcrumb\",\"itemListElement\":[{\"@type\":\"ListItem\",\"position\":1,\"name\":\"Home\",\"item\":\"https:\/\/davipool.ch\/\"},{\"@type\":\"ListItem\",\"position\":2,\"name\":\"\u00dcber uns\"}]},{\"@type\":\"WebSite\",\"@id\":\"https:\/\/davipool.ch\/#website\",\"url\":\"https:\/\/davipool.ch\/\",\"name\":\"Davipool\",\"description\":\"\",\"potentialAction\":[{\"@type\":\"SearchAction\",\"target\":{\"@type\":\"EntryPoint\",\"urlTemplate\":\"https:\/\/davipool.ch\/?s={search_term_string}\"},\"query-input\":{\"@type\":\"PropertyValueSpecification\",\"valueRequired\":true,\"valueName\":\"search_term_string\"}}],\"inLanguage\":\"de-CH\"}]}<\/script>\n<!-- \/ Yoast SEO plugin. -->","yoast_head_json":{"title":"\u00dcber uns - Davipool","robots":{"index":"index","follow":"follow","max-snippet":"max-snippet:-1","max-image-preview":"max-image-preview:large","max-video-preview":"max-video-preview:-1"},"canonical":"https:\/\/davipool.ch\/?page_id=4144","og_locale":"de_DE","og_type":"article","og_title":"\u00dcber uns - Davipool","og_url":"https:\/\/davipool.ch\/?page_id=4144","og_site_name":"Davipool","article_modified_time":"2026-03-29T11:56:37+00:00","twitter_card":"summary_large_image","twitter_misc":{"Est. reading time":"18\u00a0Minuten"},"schema":{"@context":"https:\/\/schema.org","@graph":[{"@type":"WebPage","@id":"https:\/\/davipool.ch\/?page_id=4144","url":"https:\/\/davipool.ch\/?page_id=4144","name":"\u00dcber uns - Davipool","isPartOf":{"@id":"https:\/\/davipool.ch\/#website"},"datePublished":"2026-03-15T13:01:21+00:00","dateModified":"2026-03-29T11:56:37+00:00","breadcrumb":{"@id":"https:\/\/davipool.ch\/?page_id=4144#breadcrumb"},"inLanguage":"de-CH","potentialAction":[{"@type":"ReadAction","target":["https:\/\/davipool.ch\/?page_id=4144"]}]},{"@type":"BreadcrumbList","@id":"https:\/\/davipool.ch\/?page_id=4144#breadcrumb","itemListElement":[{"@type":"ListItem","position":1,"name":"Home","item":"https:\/\/davipool.ch\/"},{"@type":"ListItem","position":2,"name":"\u00dcber uns"}]},{"@type":"WebSite","@id":"https:\/\/davipool.ch\/#website","url":"https:\/\/davipool.ch\/","name":"Davipool","description":"","potentialAction":[{"@type":"SearchAction","target":{"@type":"EntryPoint","urlTemplate":"https:\/\/davipool.ch\/?s={search_term_string}"},"query-input":{"@type":"PropertyValueSpecification","valueRequired":true,"valueName":"search_term_string"}}],"inLanguage":"de-CH"}]}},"_links":{"self":[{"href":"https:\/\/davipool.ch\/index.php?rest_route=\/wp\/v2\/pages\/4144","targetHints":{"allow":["GET"]}}],"collection":[{"href":"https:\/\/davipool.ch\/index.php?rest_route=\/wp\/v2\/pages"}],"about":[{"href":"https:\/\/davipool.ch\/index.php?rest_route=\/wp\/v2\/types\/page"}],"author":[{"embeddable":true,"href":"https:\/\/davipool.ch\/index.php?rest_route=\/wp\/v2\/users\/1"}],"replies":[{"embeddable":true,"href":"https:\/\/davipool.ch\/index.php?rest_route=%2Fwp%2Fv2%2Fcomments&post=4144"}],"version-history":[{"count":23,"href":"https:\/\/davipool.ch\/index.php?rest_route=\/wp\/v2\/pages\/4144\/revisions"}],"predecessor-version":[{"id":4341,"href":"https:\/\/davipool.ch\/index.php?rest_route=\/wp\/v2\/pages\/4144\/revisions\/4341"}],"wp:attachment":[{"href":"https:\/\/davipool.ch\/index.php?rest_route=%2Fwp%2Fv2%2Fmedia&parent=4144"}],"curies":[{"name":"wp","href":"https:\/\/api.w.org\/{rel}","templated":true}]}}